{"id":921,"date":"2022-11-24T17:04:24","date_gmt":"2022-11-24T17:04:24","guid":{"rendered":"https:\/\/recursing-darwin.5-44-105-67.plesk.page\/?post_type=product&#038;p=921"},"modified":"2022-11-25T10:55:50","modified_gmt":"2022-11-25T10:55:50","slug":"halstuecher-baby-kind-musselin-mit-druckknoepfen","status":"publish","type":"product","link":"https:\/\/recursing-darwin.5-44-105-67.plesk.page\/?product=halstuecher-baby-kind-musselin-mit-druckknoepfen","title":{"rendered":"Halst\u00fccher * Baby * Kind * Musselin * mit Druckkn\u00f6pfen"},"content":{"rendered":"<p>Unsere Halst\u00fccher sind ein absolutes Must-have zu jeder Jahreszeit.<\/p>\n<p>Sie werden doppellagig getragen und hinten im Nacken durch Druckkn\u00f6pfe verschlossen. Dadurch dass wir 2 Druckkn\u00f6pfe verarbeiten, w\u00e4chst das Tuch sogar mit und kann lange getragen werden.<\/p>\n<p>Falls du andere Farb- oder Musterw\u00fcnsche hast, schreib uns gerne!<\/p>\n","protected":false},"excerpt":{"rendered":"<p>Material<br \/>\nUnsere Musselin-T\u00fccher bestehen zu 100% aus Baumwolle<br \/>\nDruckkn\u00f6pfe<\/p>\n","protected":false},"featured_media":917,"comment_status":"open","ping_status":"closed","template":"","meta":{"site-sidebar-layout":"default","site-content-layout":"default","ast-site-content-layout":"","site-content-style":"default","site-sidebar-style":"default","ast-global-header-display":"","ast-banner-title-visibility":"","ast-main-header-display":"","ast-hfb-above-header-display":"","ast-hfb-below-header-display":"","ast-hfb-mobile-header-display":"","site-post-title":"","ast-breadcrumbs-content":"","ast-featured-img":"","footer-sml-layout":"","theme-transparent-header-meta":"default","adv-header-id-meta":"","stick-header-meta":"","header-above-stick-meta":"","header-main-stick-meta":"","header-below-stick-meta":"","astra-migrate-meta-layouts":"default","ast-page-background-enabled":"default","ast-page-background-meta":{"desktop":{"background-color":"var(--ast-global-color-4)","background-image":"","background-repeat":"repeat","background-position":"center center","background-size":"auto","background-attachment":"scroll","background-type":"","background-media":"","overlay-type":"","overlay-color":"","overlay-opacity":"","overlay-gradient":""},"tablet":{"background-color":"","background-image":"","background-repeat":"repeat","background-position":"center center","background-size":"auto","background-attachment":"scroll","background-type":"","background-media":"","overlay-type":"","overlay-color":"","overlay-opacity":"","overlay-gradient":""},"mobile":{"background-color":"","background-image":"","background-repeat":"repeat","background-position":"center center","background-size":"auto","background-attachment":"scroll","background-type":"","background-media":"","overlay-type":"","overlay-color":"","overlay-opacity":"","overlay-gradient":""}},"ast-content-background-meta":{"desktop":{"background-color":"var(--ast-global-color-5)","background-image":"","background-repeat":"repeat","background-position":"center center","background-size":"auto","background-attachment":"scroll","background-type":"","background-media":"","overlay-type":"","overlay-color":"","overlay-opacity":"","overlay-gradient":""},"tablet":{"background-color":"var(--ast-global-color-5)","background-image":"","background-repeat":"repeat","background-position":"center center","background-size":"auto","background-attachment":"scroll","background-type":"","background-media":"","overlay-type":"","overlay-color":"","overlay-opacity":"","overlay-gradient":""},"mobile":{"background-color":"var(--ast-global-color-5)","background-image":"","background-repeat":"repeat","background-position":"center center","background-size":"auto","background-attachment":"scroll","background-type":"","background-media":"","overlay-type":"","overlay-color":"","overlay-opacity":"","overlay-gradient":""}}},"product_cat":[55],"product_tag":[],"class_list":{"0":"post-921","1":"product","2":"type-product","3":"status-publish","4":"has-post-thumbnail","6":"product_cat-fruehling-herbst","7":"desktop-align-left","8":"tablet-align-left","9":"mobile-align-left","11":"first","12":"instock","13":"taxable","14":"shipping-taxable","15":"purchasable","16":"product-type-simple"},"_links":{"self":[{"href":"https:\/\/recursing-darwin.5-44-105-67.plesk.page\/index.php?rest_route=\/wp\/v2\/product\/921","targetHints":{"allow":["GET"]}}],"collection":[{"href":"https:\/\/recursing-darwin.5-44-105-67.plesk.page\/index.php?rest_route=\/wp\/v2\/product"}],"about":[{"href":"https:\/\/recursing-darwin.5-44-105-67.plesk.page\/index.php?rest_route=\/wp\/v2\/types\/product"}],"replies":[{"embeddable":true,"href":"https:\/\/recursing-darwin.5-44-105-67.plesk.page\/index.php?rest_route=%2Fwp%2Fv2%2Fcomments&post=921"}],"version-history":[{"count":1,"href":"https:\/\/recursing-darwin.5-44-105-67.plesk.page\/index.php?rest_route=\/wp\/v2\/product\/921\/revisions"}],"predecessor-version":[{"id":922,"href":"https:\/\/recursing-darwin.5-44-105-67.plesk.page\/index.php?rest_route=\/wp\/v2\/product\/921\/revisions\/922"}],"wp:featuredmedia":[{"embeddable":true,"href":"https:\/\/recursing-darwin.5-44-105-67.plesk.page\/index.php?rest_route=\/wp\/v2\/media\/917"}],"wp:attachment":[{"href":"https:\/\/recursing-darwin.5-44-105-67.plesk.page\/index.php?rest_route=%2Fwp%2Fv2%2Fmedia&parent=921"}],"wp:term":[{"taxonomy":"product_cat","embeddable":true,"href":"https:\/\/recursing-darwin.5-44-105-67.plesk.page\/index.php?rest_route=%2Fwp%2Fv2%2Fproduct_cat&post=921"},{"taxonomy":"product_tag","embeddable":true,"href":"https:\/\/recursing-darwin.5-44-105-67.plesk.page\/index.php?rest_route=%2Fwp%2Fv2%2Fproduct_tag&post=921"}],"curies":[{"name":"wp","href":"https:\/\/api.w.org\/{rel}","templated":true}]}}