{"id":12,"date":"2022-11-22T07:44:23","date_gmt":"2022-11-22T07:44:23","guid":{"rendered":"https:\/\/recursing-darwin.5-44-105-67.plesk.page\/?post_type=product&#038;p=12"},"modified":"2023-01-06T16:59:53","modified_gmt":"2023-01-06T16:59:53","slug":"walkanzug","status":"publish","type":"product","link":"https:\/\/recursing-darwin.5-44-105-67.plesk.page\/?product=walkanzug","title":{"rendered":"Walkanzug Fb. anthrazit"},"content":{"rendered":"<p>Unsere Wollwalkprodukte bestehen zu 100 % aus mulesingfreier Schurwolle und sind somit der perfekte Begleiter f\u00fcr die k\u00e4ltere und nassere Jahreszeit.<\/p>\n<p>Wollwalk ist ein wunderbar warmer und weicher, aber dennoch sehr robuster Naturstoff. Er h\u00e4lt Wind und N\u00e4sse drau\u00dfen und ist dabei sehr angenehm zu tragen. Er ist w\u00e4rmeregulierend und gleicht Temperaturschwankungen aus. Au\u00dferdem ist er unheimlich pflegeleicht.<br \/>\nWas will man also mehr? \ud83d\ude09<\/p>\n<p>Damit ihr auch lange Freude an eurem Walkprodukt habt, legen wir eine Pflegeanleitung mit dabei.<\/p>\n","protected":false},"excerpt":{"rendered":"<p>Material:<br \/>\n100% Schurwolle<br \/>\nmulesingfrei<br \/>\nJersey: 95% Baumwolle\/5% Elasthan<br \/>\nB\u00fcndchen: 95% Baumwolle\/5% Elasthan<br \/>\nRei\u00dfverschluss<\/p>\n<p>Schnitthersteller: Lybstes \/ Jolly Jumper Outdoor (Verkaufslizenz ist vorhanden)<\/p>\n","protected":false},"featured_media":13,"comment_status":"open","ping_status":"closed","template":"","meta":{"site-sidebar-layout":"default","site-content-layout":"default","ast-site-content-layout":"","site-content-style":"default","site-sidebar-style":"default","ast-global-header-display":"","ast-banner-title-visibility":"","ast-main-header-display":"","ast-hfb-above-header-display":"","ast-hfb-below-header-display":"","ast-hfb-mobile-header-display":"","site-post-title":"","ast-breadcrumbs-content":"","ast-featured-img":"","footer-sml-layout":"","theme-transparent-header-meta":"default","adv-header-id-meta":"","stick-header-meta":"","header-above-stick-meta":"","header-main-stick-meta":"","header-below-stick-meta":"","astra-migrate-meta-layouts":"default","ast-page-background-enabled":"default","ast-page-background-meta":{"desktop":{"background-color":"var(--ast-global-color-4)","background-image":"","background-repeat":"repeat","background-position":"center center","background-size":"auto","background-attachment":"scroll","background-type":"","background-media":"","overlay-type":"","overlay-color":"","overlay-opacity":"","overlay-gradient":""},"tablet":{"background-color":"","background-image":"","background-repeat":"repeat","background-position":"center center","background-size":"auto","background-attachment":"scroll","background-type":"","background-media":"","overlay-type":"","overlay-color":"","overlay-opacity":"","overlay-gradient":""},"mobile":{"background-color":"","background-image":"","background-repeat":"repeat","background-position":"center center","background-size":"auto","background-attachment":"scroll","background-type":"","background-media":"","overlay-type":"","overlay-color":"","overlay-opacity":"","overlay-gradient":""}},"ast-content-background-meta":{"desktop":{"background-color":"var(--ast-global-color-5)","background-image":"","background-repeat":"repeat","background-position":"center center","background-size":"auto","background-attachment":"scroll","background-type":"","background-media":"","overlay-type":"","overlay-color":"","overlay-opacity":"","overlay-gradient":""},"tablet":{"background-color":"var(--ast-global-color-5)","background-image":"","background-repeat":"repeat","background-position":"center center","background-size":"auto","background-attachment":"scroll","background-type":"","background-media":"","overlay-type":"","overlay-color":"","overlay-opacity":"","overlay-gradient":""},"mobile":{"background-color":"var(--ast-global-color-5)","background-image":"","background-repeat":"repeat","background-position":"center center","background-size":"auto","background-attachment":"scroll","background-type":"","background-media":"","overlay-type":"","overlay-color":"","overlay-opacity":"","overlay-gradient":""}}},"product_cat":[57],"product_tag":[],"class_list":{"0":"post-12","1":"product","2":"type-product","3":"status-publish","4":"has-post-thumbnail","6":"product_cat-winter","7":"desktop-align-left","8":"tablet-align-left","9":"mobile-align-left","11":"first","12":"instock","13":"taxable","14":"shipping-taxable","15":"purchasable","16":"product-type-variable","17":"has-default-attributes"},"_links":{"self":[{"href":"https:\/\/recursing-darwin.5-44-105-67.plesk.page\/index.php?rest_route=\/wp\/v2\/product\/12","targetHints":{"allow":["GET"]}}],"collection":[{"href":"https:\/\/recursing-darwin.5-44-105-67.plesk.page\/index.php?rest_route=\/wp\/v2\/product"}],"about":[{"href":"https:\/\/recursing-darwin.5-44-105-67.plesk.page\/index.php?rest_route=\/wp\/v2\/types\/product"}],"replies":[{"embeddable":true,"href":"https:\/\/recursing-darwin.5-44-105-67.plesk.page\/index.php?rest_route=%2Fwp%2Fv2%2Fcomments&post=12"}],"version-history":[{"count":3,"href":"https:\/\/recursing-darwin.5-44-105-67.plesk.page\/index.php?rest_route=\/wp\/v2\/product\/12\/revisions"}],"predecessor-version":[{"id":995,"href":"https:\/\/recursing-darwin.5-44-105-67.plesk.page\/index.php?rest_route=\/wp\/v2\/product\/12\/revisions\/995"}],"wp:featuredmedia":[{"embeddable":true,"href":"https:\/\/recursing-darwin.5-44-105-67.plesk.page\/index.php?rest_route=\/wp\/v2\/media\/13"}],"wp:attachment":[{"href":"https:\/\/recursing-darwin.5-44-105-67.plesk.page\/index.php?rest_route=%2Fwp%2Fv2%2Fmedia&parent=12"}],"wp:term":[{"taxonomy":"product_cat","embeddable":true,"href":"https:\/\/recursing-darwin.5-44-105-67.plesk.page\/index.php?rest_route=%2Fwp%2Fv2%2Fproduct_cat&post=12"},{"taxonomy":"product_tag","embeddable":true,"href":"https:\/\/recursing-darwin.5-44-105-67.plesk.page\/index.php?rest_route=%2Fwp%2Fv2%2Fproduct_tag&post=12"}],"curies":[{"name":"wp","href":"https:\/\/api.w.org\/{rel}","templated":true}]}}