{"id":1038,"date":"2023-01-06T18:31:15","date_gmt":"2023-01-06T18:31:15","guid":{"rendered":"https:\/\/recursing-darwin.5-44-105-67.plesk.page\/?post_type=product&#038;p=1038"},"modified":"2023-01-06T18:34:53","modified_gmt":"2023-01-06T18:34:53","slug":"uebergangsjacke-maedchen-waffelpique-fb-mintgruen","status":"publish","type":"product","link":"https:\/\/recursing-darwin.5-44-105-67.plesk.page\/?product=uebergangsjacke-maedchen-waffelpique-fb-mintgruen","title":{"rendered":"\u00dcbergangsjacke M\u00e4dchen Waffelpiqu\u00e9 Fb. mintgr\u00fcn"},"content":{"rendered":"<p>Unsere \u00dcbergangsjacken sind ein echter Hingucker \ud83d\ude0d<\/p>\n<p>Au\u00dfen sch\u00fctzt ein dickerer Baumwollstoff aus modernem Waffelpique in mintgr\u00fcn vor k\u00e4lteren Temperaturen und Wind. Als Innenfutter haben wir einen wunderbar weichen Bio-Musselin verarbeitet.<\/p>\n<p>Wie wir finden, eine perfekte Kombination um im Fr\u00fchling, Herbst oder an k\u00e4lteren Sommertagen die frische Luft zu genie\u00dfen.<\/p>\n<p>Die gro\u00dfe Kapuze sch\u00fctzt zus\u00e4tzlich und mit den Druckkn\u00f6pfen vorn ist die Jacke ruckzuck an- und ausgezogen.<\/p>\n","protected":false},"excerpt":{"rendered":"<p>Material:<br \/>\nWaffelpiqu\u00e9 100% Baumwolle<br \/>\nMusselin 100% Bio-Musselin<br \/>\nDruckkn\u00f6pfe<\/p>\n<p>Du solltest die Jacke maximal mit 30 Grad schonend waschen. Ansonsten besteht die Gefahr dass sie einl\u00e4uft oder sich verzieht. Sie ist nicht Trockner geeignet.<\/p>\n<p>Falls du irgendwelche besonderen W\u00fcnsche f\u00fcr deine Traumjacke hast, teile sie uns sehr gerne mit. Wir versuchen unser Bestm\u00f6gliches, es f\u00fcr dich umzusetzen. \u2665\ufe0f<\/p>\n","protected":false},"featured_media":1044,"comment_status":"open","ping_status":"closed","template":"","meta":{"site-sidebar-layout":"default","site-content-layout":"default","ast-site-content-layout":"","site-content-style":"default","site-sidebar-style":"default","ast-global-header-display":"","ast-banner-title-visibility":"","ast-main-header-display":"","ast-hfb-above-header-display":"","ast-hfb-below-header-display":"","ast-hfb-mobile-header-display":"","site-post-title":"","ast-breadcrumbs-content":"","ast-featured-img":"","footer-sml-layout":"","theme-transparent-header-meta":"default","adv-header-id-meta":"","stick-header-meta":"","header-above-stick-meta":"","header-main-stick-meta":"","header-below-stick-meta":"","astra-migrate-meta-layouts":"default","ast-page-background-enabled":"default","ast-page-background-meta":{"desktop":{"background-color":"var(--ast-global-color-4)","background-image":"","background-repeat":"repeat","background-position":"center center","background-size":"auto","background-attachment":"scroll","background-type":"","background-media":"","overlay-type":"","overlay-color":"","overlay-opacity":"","overlay-gradient":""},"tablet":{"background-color":"","background-image":"","background-repeat":"repeat","background-position":"center center","background-size":"auto","background-attachment":"scroll","background-type":"","background-media":"","overlay-type":"","overlay-color":"","overlay-opacity":"","overlay-gradient":""},"mobile":{"background-color":"","background-image":"","background-repeat":"repeat","background-position":"center center","background-size":"auto","background-attachment":"scroll","background-type":"","background-media":"","overlay-type":"","overlay-color":"","overlay-opacity":"","overlay-gradient":""}},"ast-content-background-meta":{"desktop":{"background-color":"var(--ast-global-color-5)","background-image":"","background-repeat":"repeat","background-position":"center center","background-size":"auto","background-attachment":"scroll","background-type":"","background-media":"","overlay-type":"","overlay-color":"","overlay-opacity":"","overlay-gradient":""},"tablet":{"background-color":"var(--ast-global-color-5)","background-image":"","background-repeat":"repeat","background-position":"center center","background-size":"auto","background-attachment":"scroll","background-type":"","background-media":"","overlay-type":"","overlay-color":"","overlay-opacity":"","overlay-gradient":""},"mobile":{"background-color":"var(--ast-global-color-5)","background-image":"","background-repeat":"repeat","background-position":"center center","background-size":"auto","background-attachment":"scroll","background-type":"","background-media":"","overlay-type":"","overlay-color":"","overlay-opacity":"","overlay-gradient":""}}},"product_cat":[55],"product_tag":[],"class_list":{"0":"post-1038","1":"product","2":"type-product","3":"status-publish","4":"has-post-thumbnail","6":"product_cat-fruehling-herbst","7":"desktop-align-left","8":"tablet-align-left","9":"mobile-align-left","11":"first","12":"instock","13":"taxable","14":"shipping-taxable","15":"purchasable","16":"product-type-variable","17":"has-default-attributes"},"_links":{"self":[{"href":"https:\/\/recursing-darwin.5-44-105-67.plesk.page\/index.php?rest_route=\/wp\/v2\/product\/1038","targetHints":{"allow":["GET"]}}],"collection":[{"href":"https:\/\/recursing-darwin.5-44-105-67.plesk.page\/index.php?rest_route=\/wp\/v2\/product"}],"about":[{"href":"https:\/\/recursing-darwin.5-44-105-67.plesk.page\/index.php?rest_route=\/wp\/v2\/types\/product"}],"replies":[{"embeddable":true,"href":"https:\/\/recursing-darwin.5-44-105-67.plesk.page\/index.php?rest_route=%2Fwp%2Fv2%2Fcomments&post=1038"}],"version-history":[{"count":1,"href":"https:\/\/recursing-darwin.5-44-105-67.plesk.page\/index.php?rest_route=\/wp\/v2\/product\/1038\/revisions"}],"predecessor-version":[{"id":1050,"href":"https:\/\/recursing-darwin.5-44-105-67.plesk.page\/index.php?rest_route=\/wp\/v2\/product\/1038\/revisions\/1050"}],"wp:featuredmedia":[{"embeddable":true,"href":"https:\/\/recursing-darwin.5-44-105-67.plesk.page\/index.php?rest_route=\/wp\/v2\/media\/1044"}],"wp:attachment":[{"href":"https:\/\/recursing-darwin.5-44-105-67.plesk.page\/index.php?rest_route=%2Fwp%2Fv2%2Fmedia&parent=1038"}],"wp:term":[{"taxonomy":"product_cat","embeddable":true,"href":"https:\/\/recursing-darwin.5-44-105-67.plesk.page\/index.php?rest_route=%2Fwp%2Fv2%2Fproduct_cat&post=1038"},{"taxonomy":"product_tag","embeddable":true,"href":"https:\/\/recursing-darwin.5-44-105-67.plesk.page\/index.php?rest_route=%2Fwp%2Fv2%2Fproduct_tag&post=1038"}],"curies":[{"name":"wp","href":"https:\/\/api.w.org\/{rel}","templated":true}]}}